{"id":1542,"date":"2017-09-01T09:41:18","date_gmt":"2017-09-01T06:41:18","guid":{"rendered":"https:\/\/xn--hng-qla.ee\/ettevotetele\/"},"modified":"2020-01-16T12:23:11","modified_gmt":"2020-01-16T10:23:11","slug":"yritykselle","status":"publish","type":"page","link":"https:\/\/xn--hng-qla.ee\/fi\/yritykselle\/","title":{"rendered":"Yritykselle"},"content":{"rendered":"<p>Asioiden taika on niiden yksinkertaisuudessa: pikkuasioilla on merkityst\u00e4. Vaateripustimessa oleva yrityksen nimi tai logo on omaleimainen ja harkittu yksityiskohta, joka her\u00e4tt\u00e4\u00e4 huomiota. H\u00e4ngin suunnittelemat tuotteet ovat erikoisia l\u00f6yd\u00f6ksi\u00e4 toimistossasi tai kotonasi.<\/p>\n<p>Ota rohkeasti yhteytt\u00e4 meihin, niin teemme teille my\u00f6s omat henkarit.<\/p>\n","protected":false},"excerpt":{"rendered":"<p>Asioiden taika on niiden yksinkertaisuudessa: pikkuasioilla on merkityst\u00e4. Vaateripustimessa oleva yrityksen nimi tai logo on omaleimainen ja harkittu yksityiskohta, joka her\u00e4tt\u00e4\u00e4 huomiota. H\u00e4ngin suunnittelemat tuotteet ovat erikoisia l\u00f6yd\u00f6ksi\u00e4 toimistossasi tai kotonasi. Ota rohkeasti yhteytt\u00e4 meihin, niin teemme teille my\u00f6s omat henkarit.<\/p>\n","protected":false},"author":1,"featured_media":0,"parent":0,"menu_order":0,"comment_status":"closed","ping_status":"closed","template":"templates\/ettevotetele.php","meta":{"_acf_changed":false,"inline_featured_image":false,"footnotes":""},"class_list":["post-1542","page","type-page","status-publish","hentry"],"acf":[],"aioseo_notices":[],"_links":{"self":[{"href":"https:\/\/xn--hng-qla.ee\/fi\/wp-json\/wp\/v2\/pages\/1542","targetHints":{"allow":["GET"]}}],"collection":[{"href":"https:\/\/xn--hng-qla.ee\/fi\/wp-json\/wp\/v2\/pages"}],"about":[{"href":"https:\/\/xn--hng-qla.ee\/fi\/wp-json\/wp\/v2\/types\/page"}],"author":[{"embeddable":true,"href":"https:\/\/xn--hng-qla.ee\/fi\/wp-json\/wp\/v2\/users\/1"}],"replies":[{"embeddable":true,"href":"https:\/\/xn--hng-qla.ee\/fi\/wp-json\/wp\/v2\/comments?post=1542"}],"version-history":[{"count":0,"href":"https:\/\/xn--hng-qla.ee\/fi\/wp-json\/wp\/v2\/pages\/1542\/revisions"}],"wp:attachment":[{"href":"https:\/\/xn--hng-qla.ee\/fi\/wp-json\/wp\/v2\/media?parent=1542"}],"curies":[{"name":"wp","href":"https:\/\/api.w.org\/{rel}","templated":true}]}}