{"id":1545,"date":"2017-09-01T09:41:42","date_gmt":"2017-09-01T06:41:42","guid":{"rendered":"https:\/\/xn--hng-qla.ee\/kontakt\/"},"modified":"2022-06-06T17:40:41","modified_gmt":"2022-06-06T14:40:41","slug":"yhteystiedot","status":"publish","type":"page","link":"https:\/\/xn--hng-qla.ee\/fi\/yhteystiedot\/","title":{"rendered":"Yhteystiedot"},"content":{"rendered":"<p>H\u00e4ng on perustettu kes\u00e4ll\u00e4 2017, ja sen inspiraatio on tullut lapsilta sek\u00e4 Pinterestin kuvien katselusta.<br \/>\nEnsimm\u00e4isten mallituotteiden, joista tuli hyvin suosittuja, valmistuttua meid\u00e4n olikin harkittava tuotekehityst\u00e4 ja asiakkaille mukavan verkkoymp\u00e4rist\u00f6n suunnittelua, jossa he voivat suunnitella ja tilata mieleisens\u00e4 henkarin.<\/p>\n","protected":false},"excerpt":{"rendered":"<p>H\u00e4ng on perustettu kes\u00e4ll\u00e4 2017, ja sen inspiraatio on tullut lapsilta sek\u00e4 Pinterestin kuvien katselusta. Ensimm\u00e4isten mallituotteiden, joista tuli hyvin suosittuja, valmistuttua meid\u00e4n olikin harkittava tuotekehityst\u00e4 ja asiakkaille mukavan verkkoymp\u00e4rist\u00f6n suunnittelua, jossa he voivat suunnitella ja tilata mieleisens\u00e4 henkarin.<\/p>\n","protected":false},"author":1,"featured_media":0,"parent":0,"menu_order":0,"comment_status":"closed","ping_status":"closed","template":"templates\/kontakt.php","meta":{"_acf_changed":false,"inline_featured_image":false,"footnotes":""},"class_list":["post-1545","page","type-page","status-publish","hentry"],"acf":[],"aioseo_notices":[],"_links":{"self":[{"href":"https:\/\/xn--hng-qla.ee\/fi\/wp-json\/wp\/v2\/pages\/1545","targetHints":{"allow":["GET"]}}],"collection":[{"href":"https:\/\/xn--hng-qla.ee\/fi\/wp-json\/wp\/v2\/pages"}],"about":[{"href":"https:\/\/xn--hng-qla.ee\/fi\/wp-json\/wp\/v2\/types\/page"}],"author":[{"embeddable":true,"href":"https:\/\/xn--hng-qla.ee\/fi\/wp-json\/wp\/v2\/users\/1"}],"replies":[{"embeddable":true,"href":"https:\/\/xn--hng-qla.ee\/fi\/wp-json\/wp\/v2\/comments?post=1545"}],"version-history":[{"count":0,"href":"https:\/\/xn--hng-qla.ee\/fi\/wp-json\/wp\/v2\/pages\/1545\/revisions"}],"wp:attachment":[{"href":"https:\/\/xn--hng-qla.ee\/fi\/wp-json\/wp\/v2\/media?parent=1545"}],"curies":[{"name":"wp","href":"https:\/\/api.w.org\/{rel}","templated":true}]}}