{"id":1552,"date":"2017-09-08T12:35:24","date_gmt":"2017-09-08T09:35:24","guid":{"rendered":"https:\/\/xn--hng-qla.ee\/tingimused\/"},"modified":"2020-01-28T01:17:37","modified_gmt":"2020-01-27T23:17:37","slug":"ehdot","status":"publish","type":"page","link":"https:\/\/xn--hng-qla.ee\/fi\/ehdot\/","title":{"rendered":"Ehdot"},"content":{"rendered":"<p><strong>HINNAT JA MAKSAMINEN<\/strong><\/p>\n<p>Kaikki hinnat ovat euroina. Tuotteista voi maksaa miss\u00e4 tahansa pankissa laskun perusteella.<\/p>\n<p>&nbsp;<\/p>\n<p><strong>N\u00c4IN OSTAT H\u00c4NG.EE-VERKKOKAUPASTA<\/strong><\/p>\n<p>Valitse mieleisesi tuotteet tai suunnittele ne itse, sitten lis\u00e4\u00e4 ne ostoskoriin.<br \/>\nKun kaikki haluamasi tuotteet on lis\u00e4tty ostoskoriin, t\u00e4yt\u00e4 pakolliset kent\u00e4t ja valitse toimitus- ja maksutapa.<\/p>\n<p>&nbsp;<\/p>\n<p><strong>TOIMITUSTAVAT<\/strong><\/p>\n<p>Itella SmartPOST (Suomi) 11.64 EUR<br \/>\nItella SmartPOST (Viro) 2,40 EUR<\/p>\n<p>Kaikki tilaukset t\u00e4ytet\u00e4\u00e4n maksun saavuttua tilillemme yleens\u00e4 kolmen arkip\u00e4iv\u00e4n kuluessa, kuitenkin viimeist\u00e4\u00e4n yhden viikon kuluessa.<br \/>\nHuom.! Tuotteiden toimituskulut koskevat vain Viron-sis\u00e4isi\u00e4 tavarantoimituksia.<\/p>\n<p>&nbsp;<\/p>\n<p><strong>TAKUU<\/strong><\/p>\n<p>Kaikkia tuotteita koskee lakis\u00e4\u00e4teinen takuu. Takuutodistuksena on lasku tai kassakuitti.<br \/>\nTakuu ei koske sellaisia tuotteen puutteita, jotka johtuvat tuotteen v\u00e4\u00e4r\u00e4st\u00e4 k\u00e4yt\u00f6st\u00e4 tai normaalista kulumisesta.<\/p>\n<p>&nbsp;<\/p>\n<p><strong>PALAUTUS<\/strong><\/p>\n<p>Tuotteilla on 14 p\u00e4iv\u00e4n palautusoikeus. Palautettujen tuotteiden tulee olla alkuper\u00e4ispakkauksessa, jossa ovat alkuper\u00e4inen lasku ja kaikki merkinn\u00e4t. Palautettu tavara ei saa olla k\u00e4ytetty. Palautetusta tavarasta maksetut rahat siirret\u00e4\u00e4n asiakkaan pankkitilille mahdollisimman pian, kuitenkin viimeist\u00e4\u00e4n 14 arkip\u00e4iv\u00e4n kuluttua tavaran saapumisesta myyj\u00e4lle. Tavaran toimituskuluja ei palauteta (jos tilauksesta perit\u00e4\u00e4n toimitusmaksu, sen hoitaa tilaaja, samoin kuin tavaran palautukseen liittyv\u00e4t kulut).<\/p>\n<p>&nbsp;<\/p>\n<p><strong>TIETOSUOJA<\/strong><\/p>\n<p>Kaikkia H\u00e4ng.ee-verkkokaupassa k\u00e4ymisen ja ostosten tekemisen yhteydess\u00e4 tietoomme tulleita asiakkaan henkil\u00f6tietoja k\u00e4sitell\u00e4\u00e4n luottamuksellisina. Puidut\u00f6\u00f6koda O\u00dc ei luovuta hallussaan olevia tietoja kolmansille henkil\u00f6ille, halutessaan asiakas voi vaatia tietojensa poistamista H\u00e4ng.ee:n tietokannasta.<br \/>\nAsioissa, joita n\u00e4iss\u00e4 ehdoissa erikseen ei k\u00e4sitell\u00e4, noudatetaan Viron lakia.<br \/>\nSinun ja Puidut\u00f6\u00f6koda O\u00dc:n v\u00e4liset mahdolliset erimielisyydet, jotka ovat syntyneet tuotteita tilattaessa ja ostettaessa H\u00e4ng.ee-verkkokaupan v\u00e4lityksell\u00e4, pyrit\u00e4\u00e4n ratkaisemaan neuvotteluteitse. Ellei n\u00e4in p\u00e4\u00e4st\u00e4 sovintoon, Sinulla on oikeus turvautua Viron kuluttajaviraston (Tarbijakaitseamet) kuluttajariitalautakuntaan.<\/p>\n<p>Tuotteet<br \/>\nTuotteet ovat laminoitua v\u00e4rillist\u00e4 vaneria. Vanerin paksuus riippuu tuotteen leveydest\u00e4:<br \/>\ntuotteen ollessa 42 cm leve\u00e4 vanerin paksuus on 12 mm,<br \/>\ntuotteen ollessa 38 cm leve\u00e4 vanerin paksuus on 12 mm,<br \/>\ntuotteen ollessa 30 cm leve\u00e4 vanerin paksuus on 9 mm.<br \/>\nTuotteet ovat laadukkaita ja hyvin kest\u00e4vi\u00e4.<\/p>\n<p>&nbsp;<\/p>\n<p><strong>LIS\u00c4TIETOJA<\/strong><\/p>\n<p>Puidut\u00f6\u00f6koda O\u00dc pid\u00e4tt\u00e4\u00e4 oikeuden muuttaa H\u00e4ng.ee-verkkokaupan sis\u00e4lt\u00f6\u00e4 ja tunnistustapoja, k\u00e4ytt\u00f6\u00e4, teknisi\u00e4 yksityiskohtia, j\u00e4rjestelmi\u00e4, aukioloaikoja tms.<br \/>\nLis\u00e4\u00e4 tietoa tuotteista, toimitus- ja maksuehdoista tai muusta saa l\u00e4hett\u00e4m\u00e4ll\u00e4 s\u00e4hk\u00f6postia osoitteeseen hang@puidutookoda.ee<\/p>\n","protected":false},"excerpt":{"rendered":"<p>HINNAT JA MAKSAMINEN Kaikki hinnat ovat euroina. Tuotteista voi maksaa miss\u00e4 tahansa pankissa laskun perusteella. &nbsp; N\u00c4IN OSTAT H\u00c4NG.EE-VERKKOKAUPASTA Valitse mieleisesi tuotteet tai suunnittele ne itse, sitten lis\u00e4\u00e4 ne ostoskoriin. Kun kaikki haluamasi tuotteet on lis\u00e4tty ostoskoriin, t\u00e4yt\u00e4 pakolliset kent\u00e4t ja valitse toimitus- ja maksutapa. &nbsp; TOIMITUSTAVAT Itella SmartPOST (Suomi) 11.64 EUR Itella SmartPOST (Viro) [&hellip;]<\/p>\n","protected":false},"author":1,"featured_media":0,"parent":0,"menu_order":0,"comment_status":"closed","ping_status":"closed","template":"","meta":{"_acf_changed":false,"inline_featured_image":false,"footnotes":""},"class_list":["post-1552","page","type-page","status-publish","hentry"],"acf":[],"aioseo_notices":[],"_links":{"self":[{"href":"https:\/\/xn--hng-qla.ee\/fi\/wp-json\/wp\/v2\/pages\/1552","targetHints":{"allow":["GET"]}}],"collection":[{"href":"https:\/\/xn--hng-qla.ee\/fi\/wp-json\/wp\/v2\/pages"}],"about":[{"href":"https:\/\/xn--hng-qla.ee\/fi\/wp-json\/wp\/v2\/types\/page"}],"author":[{"embeddable":true,"href":"https:\/\/xn--hng-qla.ee\/fi\/wp-json\/wp\/v2\/users\/1"}],"replies":[{"embeddable":true,"href":"https:\/\/xn--hng-qla.ee\/fi\/wp-json\/wp\/v2\/comments?post=1552"}],"version-history":[{"count":0,"href":"https:\/\/xn--hng-qla.ee\/fi\/wp-json\/wp\/v2\/pages\/1552\/revisions"}],"wp:attachment":[{"href":"https:\/\/xn--hng-qla.ee\/fi\/wp-json\/wp\/v2\/media?parent=1552"}],"curies":[{"name":"wp","href":"https:\/\/api.w.org\/{rel}","templated":true}]}}