{"id":3021,"date":"2017-09-01T09:41:18","date_gmt":"2017-09-01T06:41:18","guid":{"rendered":"https:\/\/xn--hng-qla.ee\/?page_id=3021"},"modified":"2020-01-31T10:28:26","modified_gmt":"2020-01-31T08:28:26","slug":"uznemumam","status":"publish","type":"page","link":"https:\/\/xn--hng-qla.ee\/lv\/uznemumam\/","title":{"rendered":"Uz\u0146\u0113mumam"},"content":{"rendered":"<p>T\u0101pat k\u0101 skaistums sl\u0113pjas vienk\u0101r\u0161\u0101s liet\u0101s, tas sl\u0113pjas ar\u012b maz\u0101s liet\u0101s. Pakaramajam izveidots Tava uz\u0146\u0113ma nosaukums vai logo ir unik\u0101la un p\u0101rdom\u0101ta deta\u013ca, kas piesaista uzman\u012bbu. H\u00e4ng dizaina preces b\u016bs \u012bpa\u0161s atradums Tavam birojam vai m\u0101j\u0101m.<br \/>\nDro\u0161i sazinies ar mums un izveidosim \u012bpa\u0161u pakaramo ar\u012b jums!<\/p>\n","protected":false},"excerpt":{"rendered":"<p>T\u0101pat k\u0101 skaistums sl\u0113pjas vienk\u0101r\u0161\u0101s liet\u0101s, tas sl\u0113pjas ar\u012b maz\u0101s liet\u0101s. Pakaramajam izveidots Tava uz\u0146\u0113ma nosaukums vai logo ir unik\u0101la un p\u0101rdom\u0101ta deta\u013ca, kas piesaista uzman\u012bbu. H\u00e4ng dizaina preces b\u016bs \u012bpa\u0161s atradums Tavam birojam vai m\u0101j\u0101m. Dro\u0161i sazinies ar mums un izveidosim \u012bpa\u0161u pakaramo ar\u012b jums!<\/p>\n","protected":false},"author":1,"featured_media":0,"parent":0,"menu_order":0,"comment_status":"closed","ping_status":"closed","template":"templates\/ettevotetele.php","meta":{"_acf_changed":false,"inline_featured_image":false,"footnotes":""},"class_list":["post-3021","page","type-page","status-publish","hentry"],"acf":[],"aioseo_notices":[],"_links":{"self":[{"href":"https:\/\/xn--hng-qla.ee\/lv\/wp-json\/wp\/v2\/pages\/3021"}],"collection":[{"href":"https:\/\/xn--hng-qla.ee\/lv\/wp-json\/wp\/v2\/pages"}],"about":[{"href":"https:\/\/xn--hng-qla.ee\/lv\/wp-json\/wp\/v2\/types\/page"}],"author":[{"embeddable":true,"href":"https:\/\/xn--hng-qla.ee\/lv\/wp-json\/wp\/v2\/users\/1"}],"replies":[{"embeddable":true,"href":"https:\/\/xn--hng-qla.ee\/lv\/wp-json\/wp\/v2\/comments?post=3021"}],"version-history":[{"count":0,"href":"https:\/\/xn--hng-qla.ee\/lv\/wp-json\/wp\/v2\/pages\/3021\/revisions"}],"wp:attachment":[{"href":"https:\/\/xn--hng-qla.ee\/lv\/wp-json\/wp\/v2\/media?parent=3021"}],"curies":[{"name":"wp","href":"https:\/\/api.w.org\/{rel}","templated":true}]}}