{"id":3027,"date":"2017-09-08T12:35:24","date_gmt":"2017-09-08T09:35:24","guid":{"rendered":"https:\/\/xn--hng-qla.ee\/tingimused\/"},"modified":"2020-01-30T13:25:09","modified_gmt":"2020-01-30T11:25:09","slug":"nosacijumi","status":"publish","type":"page","link":"https:\/\/xn--hng-qla.ee\/lv\/nosacijumi\/","title":{"rendered":"Nosac\u012bjumi"},"content":{"rendered":"<p><strong>CENAS UN APMAKSA<\/strong><br \/>\nVisas cenas ir nor\u0101d\u012btas eiro, Puidut\u00f6\u00f6koda O\u00dc nav pievienot\u0101s v\u0113rt\u012bbas nodok\u013ca maks\u0101t\u0101js \u2013 cenas nesatur PVN.<br \/>\nPar preci var nor\u0113\u0137in\u0101ties jebkur\u0101 bank\u0101 uz pas\u016bt\u012bjuma pamata. Apmaksai izmantojot bankas saiti, nor\u0113\u0137in\u0101ties var bank\u0101s (Swedbank, SEB, Nordea, Danske, LHV, Krediidipank vai Pocopay).<\/p>\n<p><strong>K\u0100 IEPIRKTIES H\u00c4NG.EE E-VEIKAL\u0100?<\/strong><br \/>\nIzv\u0113lieties sev piem\u0113rotas preces vai izveidojiet t\u0101s pa\u0161i, p\u0113c tam pievienojiet grozam.<br \/>\nKad visas v\u0113lam\u0101s preces ir pievienotas grozam, aizpildiet oblig\u0101ti aizpild\u0101mos laukus un izv\u0113lieties transportu un apmaksas veidu.<\/p>\n<p><strong>TRANSPORTS<\/strong><br \/>\nSmartPOST 2,40 EUR<br \/>\nOmniva 2,70 EUR<br \/>\nDPD pakom\u0101ts 2,40\u00a0EUR<br \/>\nDPD kurjers 6,50 EUR<br \/>\nPreci pieg\u0101d\u0101 DPD Eesti. Ar Jums sazin\u0101sies un vienosies par piem\u0113rotu laiku preces sa\u0146em\u0161anai.<br \/>\nVisi pas\u016bt\u012bjumi tiek izpild\u012bti p\u0113c maks\u0101juma sa\u0146em\u0161anas \u2013 parasti tr\u012bs darbdienu, bet, v\u0113l\u0101kais, vienas ned\u0113\u013cas laik\u0101.<br \/>\nNB! Preces pieg\u0101des izdevumi ir sp\u0113k\u0101 pas\u016bt\u012bjumiem Igaunijas Republikas robe\u017e\u0101s.<\/p>\n<p><strong>GARANTIJA<\/strong><br \/>\nVis\u0101m prec\u0113m ir garantija likum\u0101 paredz\u0113taj\u0101 k\u0101rt\u012bb\u0101. Garantijas apliecin\u0101jums ir r\u0113\u0137ins \/ pirkuma \u010deks.<br \/>\nGarantija nav sp\u0113k\u0101, ja preces boj\u0101jumu ir izrais\u012bjusi preces nepareiza lieto\u0161ana vai preces nolietojums.<\/p>\n<p><strong>PRE\u010cU NODO\u0160ANA ATPAKA\u013b<\/strong><br \/>\nTies\u012bbas nodot preci atpaka\u013c ir 14 dienas. Precei j\u0101b\u016bt ori\u0123in\u0101laj\u0101 iepakojum\u0101 ar ori\u0123in\u0101lo r\u0113\u0137inu un visiem mar\u0137\u0113jumiem. Prece nedr\u012bkst b\u016bt lietota. Nauda par atgriezto preci tiek ieskait\u012bta klienta nor\u0113\u0137inu kont\u0101, tikko iesp\u0113jams, ta\u010du ne v\u0113l\u0101k k\u0101 14 dienu laik\u0101 p\u0113c tam, kad p\u0101rdev\u0113js ir sa\u0146\u0113mis preci. Preces s\u016bt\u012b\u0161anas izdevumi netiek atmaks\u0101ti (ja par pas\u016bt\u012bjumu ir paredz\u0113ti s\u016bt\u012b\u0161anas izdevumi, tie j\u0101sedz pas\u016bt\u012bt\u0101jam, ar\u012b ar preces nos\u016bt\u012b\u0161anu atpaka\u013c saist\u012btie izdevumi).<\/p>\n<p><strong>PRIV\u0100TUMS<\/strong><br \/>\nVisi klienta personas dati, kas tiek uzzin\u0101ti H\u00e4ng.ee apmekl\u0113\u0161anas un pirkumu veik\u0161anas laik\u0101, tiek apstr\u0101d\u0101ti k\u0101 konfidenci\u0101la inform\u0101cija. Puidut\u00f6\u00f6koda O\u00dc nepublisko uzzin\u0101tos datus tre\u0161aj\u0101m pus\u0113m; apmekl\u0113t\u0101jam, ja v\u0113las, ir ties\u012bbas piepras\u012bt savu datu dz\u0113\u0161anu no H\u00e4ng.ee datu b\u0101zes.<br \/>\n\u0160ajos nosac\u012bjumos atsevi\u0161\u0137i nerisin\u0101tos jaut\u0101jumos vad\u0101s no Igaunijas Republik\u0101 sp\u0113k\u0101 eso\u0161ajiem ties\u012bbu aktiem.<br \/>\nStr\u012bdus, kas radu\u0161ies starp Jums un Puidut\u00f6\u00f6koda O\u00dc saist\u012bb\u0101 ar pre\u010du pas\u016bt\u012b\u0161anu un ieg\u0101di ar H\u00e4ng.ee starpniec\u012bbu, risina sarunu ce\u013c\u0101. Ja vieno\u0161an\u0101s netiek pan\u0101kta, Jums ir ties\u012bbas savu ties\u012bbu aizst\u0101v\u0113\u0161anai v\u0113rsties Pat\u0113r\u0113t\u0101ju aizsardz\u012bbas dienest\u0101.<\/p>\n<p><strong>Preces<\/strong><br \/>\nPreces ir izgatavotas no lamin\u0113ta kr\u0101saina finiera. Finiera biezums ir atbilsto\u0161i preces platumam:<br \/>\n42\u00a0cm platas preces gad\u012bjum\u0101 biezums ir 12\u00a0mm,<br \/>\n38\u00a0cm platas preces gad\u012bjum\u0101 biezums ir 12\u00a0mm,<br \/>\n30\u00a0cm platas preces gad\u012bjum\u0101 biezums ir 9\u00a0mm.<br \/>\nPreces ir kvalitat\u012bvas un \u013coti iztur\u012bgas.<\/p>\n<p><strong>PAPILDINFORM\u0100CIJA<\/strong><br \/>\nPuidut\u00f6\u00f6koda O\u00dc patur sev ties\u012bbas groz\u012bt H\u00e4ng.ee saturu un identific\u0113\u0161anu, lieto\u0161anu, tehnisk\u0101s deta\u013cas, sist\u0113mas, darba laikus u.\u00a0tml.<br \/>\nLai sa\u0146emtu papildinform\u0101ciju par prec\u0113m, pieg\u0101di, apmaksas nosac\u012bjumiem vai citiem jaut\u0101jumiem, sazinieties pa t\u0101lruni +372 58\u00a0455\u00a0146 vai e-pastu hang@puidutookoda.ee<\/p>\n","protected":false},"excerpt":{"rendered":"<p>CENAS UN APMAKSA Visas cenas ir nor\u0101d\u012btas eiro, Puidut\u00f6\u00f6koda O\u00dc nav pievienot\u0101s v\u0113rt\u012bbas nodok\u013ca maks\u0101t\u0101js \u2013 cenas nesatur PVN. Par preci var nor\u0113\u0137in\u0101ties jebkur\u0101 bank\u0101 uz pas\u016bt\u012bjuma pamata. Apmaksai izmantojot bankas saiti, nor\u0113\u0137in\u0101ties var bank\u0101s (Swedbank, SEB, Nordea, Danske, LHV, Krediidipank vai Pocopay). K\u0100 IEPIRKTIES H\u00c4NG.EE E-VEIKAL\u0100? Izv\u0113lieties sev piem\u0113rotas preces vai izveidojiet t\u0101s pa\u0161i, [&hellip;]<\/p>\n","protected":false},"author":1,"featured_media":0,"parent":0,"menu_order":0,"comment_status":"closed","ping_status":"closed","template":"","meta":{"_acf_changed":false,"inline_featured_image":false,"footnotes":""},"class_list":["post-3027","page","type-page","status-publish","hentry"],"acf":[],"aioseo_notices":[],"_links":{"self":[{"href":"https:\/\/xn--hng-qla.ee\/lv\/wp-json\/wp\/v2\/pages\/3027","targetHints":{"allow":["GET"]}}],"collection":[{"href":"https:\/\/xn--hng-qla.ee\/lv\/wp-json\/wp\/v2\/pages"}],"about":[{"href":"https:\/\/xn--hng-qla.ee\/lv\/wp-json\/wp\/v2\/types\/page"}],"author":[{"embeddable":true,"href":"https:\/\/xn--hng-qla.ee\/lv\/wp-json\/wp\/v2\/users\/1"}],"replies":[{"embeddable":true,"href":"https:\/\/xn--hng-qla.ee\/lv\/wp-json\/wp\/v2\/comments?post=3027"}],"version-history":[{"count":0,"href":"https:\/\/xn--hng-qla.ee\/lv\/wp-json\/wp\/v2\/pages\/3027\/revisions"}],"wp:attachment":[{"href":"https:\/\/xn--hng-qla.ee\/lv\/wp-json\/wp\/v2\/media?parent=3027"}],"curies":[{"name":"wp","href":"https:\/\/api.w.org\/{rel}","templated":true}]}}